{"id":1176,"date":"2025-04-23T15:17:11","date_gmt":"2025-04-23T15:17:11","guid":{"rendered":"https:\/\/www.rirb.ie\/contact-us\/"},"modified":"2025-06-23T13:23:49","modified_gmt":"2025-06-23T13:23:49","slug":"dean-teagmhail-linn","status":"publish","type":"page","link":"https:\/\/www.rirb.ie\/ga\/dean-teagmhail-linn\/","title":{"rendered":"D\u00e9an teagmh\u00e1il linn"},"content":{"rendered":"\t\t<div data-elementor-type=\"wp-page\" data-elementor-id=\"1176\" class=\"elementor elementor-1176 elementor-51\" data-elementor-post-type=\"page\">\n\t\t\t\t\t\t<section class=\"elementor-section elementor-top-section elementor-element elementor-element-d7f5325 elementor-section-boxed elementor-section-height-default elementor-section-height-default\" data-id=\"d7f5325\" data-element_type=\"section\" data-e-type=\"section\">\n\t\t\t\t\t\t<div class=\"elementor-container elementor-column-gap-default\">\n\t\t\t\t\t<div class=\"elementor-column elementor-col-100 elementor-top-column elementor-element elementor-element-044ba3e\" data-id=\"044ba3e\" data-element_type=\"column\" data-e-type=\"column\">\n\t\t\t<div class=\"elementor-widget-wrap elementor-element-populated\">\n\t\t\t\t\t\t<div class=\"elementor-element elementor-element-fe16d7d elementor-widget elementor-widget-heading\" data-id=\"fe16d7d\" data-element_type=\"widget\" data-e-type=\"widget\" data-widget_type=\"heading.default\">\n\t\t\t\t<div class=\"elementor-widget-container\">\n\t\t\t\t\t<h1 class=\"elementor-heading-title elementor-size-default\">D\u00e9an teagmh\u00e1il linn<\/h1>\t\t\t\t<\/div>\n\t\t\t\t<\/div>\n\t\t\t\t<div class=\"elementor-element elementor-element-40905ad elementor-widget elementor-widget-text-editor\" data-id=\"40905ad\" data-element_type=\"widget\" data-e-type=\"widget\" data-widget_type=\"text-editor.default\">\n\t\t\t\t<div class=\"elementor-widget-container\">\n\t\t\t\t\t\t\t\t\t<p><span style=\"font-weight: 400;\">F\u00e9adfaidh t\u00fa leas a bhaint as ceann ar bith d\u00edobh seo a leanas chun dul i dteagmh\u00e1il leis an mBord:<\/span><\/p>\t\t\t\t\t\t\t\t<\/div>\n\t\t\t\t<\/div>\n\t\t\t\t\t<\/div>\n\t\t<\/div>\n\t\t\t\t\t<\/div>\n\t\t<\/section>\n\t\t\t\t<section class=\"elementor-section elementor-top-section elementor-element elementor-element-776d9fe elementor-section-boxed elementor-section-height-default elementor-section-height-default\" data-id=\"776d9fe\" data-element_type=\"section\" data-e-type=\"section\">\n\t\t\t\t\t\t<div class=\"elementor-container elementor-column-gap-wider\">\n\t\t\t\t\t<div class=\"elementor-column elementor-col-50 elementor-top-column elementor-element elementor-element-26b83fb\" data-id=\"26b83fb\" data-element_type=\"column\" data-e-type=\"column\">\n\t\t\t<div class=\"elementor-widget-wrap elementor-element-populated\">\n\t\t\t\t\t\t<div class=\"elementor-element elementor-element-ad97c31 elementor-widget elementor-widget-heading\" data-id=\"ad97c31\" data-element_type=\"widget\" data-e-type=\"widget\" data-widget_type=\"heading.default\">\n\t\t\t\t<div class=\"elementor-widget-container\">\n\t\t\t\t\t<h2 class=\"elementor-heading-title elementor-size-default\">Seoladh poist:<\/h2>\t\t\t\t<\/div>\n\t\t\t\t<\/div>\n\t\t\t\t<div class=\"elementor-element elementor-element-2ebd6e8 elementor-widget elementor-widget-text-editor\" data-id=\"2ebd6e8\" data-element_type=\"widget\" data-e-type=\"widget\" data-widget_type=\"text-editor.default\">\n\t\t\t\t<div class=\"elementor-widget-container\">\n\t\t\t\t\t\t\t\t\t<p><span style=\"font-weight: 400;\">An Bord S\u00e1samh d&#8217;Institi\u00faid\u00ed C\u00f3naithe<br \/><\/span><span style=\"font-weight: 400;\">Url\u00e1r 3<br \/><\/span><span style=\"font-weight: 400;\">St Stephens Green House <br \/><\/span><span style=\"font-weight: 400;\">Earlsfort <\/span><span style=\"font-weight: 400;\">Terrace<br \/><\/span><span style=\"font-weight: 400;\">Baile \u00c1tha Cliath <\/span><span style=\"font-weight: 400;\">2<br \/><\/span><span style=\"font-weight: 400;\">D02<\/span><span style=\"font-weight: 400;\">PH42<\/span><\/p>\t\t\t\t\t\t\t\t<\/div>\n\t\t\t\t<\/div>\n\t\t\t\t<div class=\"elementor-element elementor-element-142ab3f elementor-widget elementor-widget-google_maps\" data-id=\"142ab3f\" data-element_type=\"widget\" data-e-type=\"widget\" data-widget_type=\"google_maps.default\">\n\t\t\t\t<div class=\"elementor-widget-container\">\n\t\t\t\t\t\t\t<div class=\"elementor-custom-embed\">\n\t\t\t<iframe loading=\"lazy\"\n\t\t\t\t\tsrc=\"https:\/\/maps.google.com\/maps?q=Residential%20Institutions%20Redress%20Board&#038;t=m&#038;z=13&#038;output=embed&#038;iwloc=near\"\n\t\t\t\t\ttitle=\"Residential Institutions Redress Board\"\n\t\t\t\t\taria-label=\"Residential Institutions Redress Board\"\n\t\t\t><\/iframe>\n\t\t<\/div>\n\t\t\t\t\t\t<\/div>\n\t\t\t\t<\/div>\n\t\t\t\t\t<\/div>\n\t\t<\/div>\n\t\t\t\t<div class=\"elementor-column elementor-col-50 elementor-top-column elementor-element elementor-element-8aca6d2\" data-id=\"8aca6d2\" data-element_type=\"column\" data-e-type=\"column\">\n\t\t\t<div class=\"elementor-widget-wrap elementor-element-populated\">\n\t\t\t\t\t\t<div class=\"elementor-element elementor-element-877c145 elementor-widget__width-initial elementor-widget elementor-widget-heading\" data-id=\"877c145\" data-element_type=\"widget\" data-e-type=\"widget\" data-widget_type=\"heading.default\">\n\t\t\t\t<div class=\"elementor-widget-container\">\n\t\t\t\t\t<h2 class=\"elementor-heading-title elementor-size-default\">F\u00f3n:\n<\/h2>\t\t\t\t<\/div>\n\t\t\t\t<\/div>\n\t\t\t\t<div class=\"elementor-element elementor-element-f458d7c elementor-widget elementor-widget-text-editor\" data-id=\"f458d7c\" data-element_type=\"widget\" data-e-type=\"widget\" data-widget_type=\"text-editor.default\">\n\t\t\t\t<div class=\"elementor-widget-container\">\n\t\t\t\t\t\t\t\t\t<p>01-2680600<\/p>\t\t\t\t\t\t\t\t<\/div>\n\t\t\t\t<\/div>\n\t\t\t\t<div class=\"elementor-element elementor-element-20f423d elementor-widget__width-initial elementor-widget elementor-widget-heading\" data-id=\"20f423d\" data-element_type=\"widget\" data-e-type=\"widget\" data-widget_type=\"heading.default\">\n\t\t\t\t<div class=\"elementor-widget-container\">\n\t\t\t\t\t<h2 class=\"elementor-heading-title elementor-size-default\">Seoladh r\u00edomhphoist:\n<\/h2>\t\t\t\t<\/div>\n\t\t\t\t<\/div>\n\t\t\t\t<div class=\"elementor-element elementor-element-57212d1 elementor-widget elementor-widget-text-editor\" data-id=\"57212d1\" data-element_type=\"widget\" data-e-type=\"widget\" data-widget_type=\"text-editor.default\">\n\t\t\t\t<div class=\"elementor-widget-container\">\n\t\t\t\t\t\t\t\t\t<p><a href=\"mailto:info@rirb.ie\">info@rirb.ie<\/a><\/p>\t\t\t\t\t\t\t\t<\/div>\n\t\t\t\t<\/div>\n\t\t\t\t<div class=\"elementor-element elementor-element-970df44 elementor-widget elementor-widget-heading\" data-id=\"970df44\" data-element_type=\"widget\" data-e-type=\"widget\" data-widget_type=\"heading.default\">\n\t\t\t\t<div class=\"elementor-widget-container\">\n\t\t\t\t\t<h2 class=\"elementor-heading-title elementor-size-default\">Su\u00edomh gr\u00e9as\u00e1in:<\/h2>\t\t\t\t<\/div>\n\t\t\t\t<\/div>\n\t\t\t\t<div class=\"elementor-element elementor-element-576e99a elementor-widget elementor-widget-text-editor\" data-id=\"576e99a\" data-element_type=\"widget\" data-e-type=\"widget\" data-widget_type=\"text-editor.default\">\n\t\t\t\t<div class=\"elementor-widget-container\">\n\t\t\t\t\t\t\t\t\t<p><a href=\"https:\/\/www.rirb.ie\/\">www.rirb.ie<\/a><\/p>\t\t\t\t\t\t\t\t<\/div>\n\t\t\t\t<\/div>\n\t\t\t\t<div class=\"elementor-element elementor-element-90d1af6 elementor-widget elementor-widget-heading\" data-id=\"90d1af6\" data-element_type=\"widget\" data-e-type=\"widget\" data-widget_type=\"heading.default\">\n\t\t\t\t<div class=\"elementor-widget-container\">\n\t\t\t\t\t<h2 class=\"elementor-heading-title elementor-size-default\">Oifigeach Cosanta Sonra\u00ed:<\/h2>\t\t\t\t<\/div>\n\t\t\t\t<\/div>\n\t\t\t\t<div class=\"elementor-element elementor-element-13c78a0 elementor-widget elementor-widget-text-editor\" data-id=\"13c78a0\" data-element_type=\"widget\" data-e-type=\"widget\" data-widget_type=\"text-editor.default\">\n\t\t\t\t<div class=\"elementor-widget-container\">\n\t\t\t\t\t\t\t\t\t<p>Sharon Moohan<br \/><span style=\"font-weight: 400;\">Url\u00e1r 3<br \/><\/span>St. Stephen&#8217;s Green House<br \/>Earlsfort Terrace<br \/>Dublin 2<br \/>D02 PH42<br \/><span style=\"font-weight: 400;\">R\u00edomhphost<\/span>: <a href=\"mailto:general@rirb.ie\">general@rirb.ie<\/a><\/p>\t\t\t\t\t\t\t\t<\/div>\n\t\t\t\t<\/div>\n\t\t\t\t<div class=\"elementor-element elementor-element-d4857b5 elementor-widget elementor-widget-heading\" data-id=\"d4857b5\" data-element_type=\"widget\" data-e-type=\"widget\" data-widget_type=\"heading.default\">\n\t\t\t\t<div class=\"elementor-widget-container\">\n\t\t\t\t\t<h2 class=\"elementor-heading-title elementor-size-default\">Rochtain ar Fhaisn\u00e9is ar an gComhshaol:<\/h2>\t\t\t\t<\/div>\n\t\t\t\t<\/div>\n\t\t\t\t<div class=\"elementor-element elementor-element-4cbece5 elementor-widget elementor-widget-text-editor\" data-id=\"4cbece5\" data-element_type=\"widget\" data-e-type=\"widget\" data-widget_type=\"text-editor.default\">\n\t\t\t\t<div class=\"elementor-widget-container\">\n\t\t\t\t\t\t\t\t\t<p><span style=\"font-weight: 400;\">ochtain ar Fhaisn\u00e9is ar an gComhshsaol de bhun Rialach\u00e1in na gComhphobal Eorpach (Rochtain ar Fhaisn\u00e9is ar an gComhshaol) 2007-2014 theBoards . Is \u00a0 \u00ed \u00a0 Doreen O&#8217;Donnell, Uasal, an tOifigeach um Fhaisn\u00e9is Chomhshaoil, agus is f\u00e9idir dul i dteagmh\u00e1il l\u00e9i ar 01-2680600\u00a0<\/span><span style=\"font-weight: 400;\">\u00a0<\/span><span style=\"font-weight: 400;\">n\u00f3 le r\u00edomhphost ar <\/span><a href=\"mailto:general@rirb.ie\">general@rirb.ie<\/a>.<\/p>\t\t\t\t\t\t\t\t<\/div>\n\t\t\t\t<\/div>\n\t\t\t\t\t<\/div>\n\t\t<\/div>\n\t\t\t\t\t<\/div>\n\t\t<\/section>\n\t\t\t\t<\/div>\n\t\t","protected":false},"excerpt":{"rendered":"<p>D\u00e9an teagmh\u00e1il linn F\u00e9adfaidh t\u00fa leas a bhaint as ceann ar bith d\u00edobh seo a leanas chun dul i dteagmh\u00e1il [&hellip;]<\/p>\n","protected":false},"author":1,"featured_media":0,"parent":0,"menu_order":0,"comment_status":"closed","ping_status":"closed","template":"","meta":{"site-sidebar-layout":"no-sidebar","site-content-layout":"","ast-site-content-layout":"full-width-container","site-content-style":"default","site-sidebar-style":"default","ast-global-header-display":"","ast-banner-title-visibility":"","ast-main-header-display":"","ast-hfb-above-header-display":"","ast-hfb-below-header-display":"","ast-hfb-mobile-header-display":"","site-post-title":"disabled","ast-breadcrumbs-content":"","ast-featured-img":"disabled","footer-sml-layout":"","ast-disable-related-posts":"","theme-transparent-header-meta":"default","adv-header-id-meta":"","stick-header-meta":"","header-above-stick-meta":"","header-main-stick-meta":"","header-below-stick-meta":"","astra-migrate-meta-layouts":"set","ast-page-background-enabled":"default","ast-page-background-meta":{"desktop":{"background-color":"var(--ast-global-color-5)","background-image":"","background-repeat":"repeat","background-position":"center center","background-size":"auto","background-attachment":"scroll","background-type":"","background-media":"","overlay-type":"","overlay-color":"","overlay-opacity":"","overlay-gradient":""},"tablet":{"background-color":"","background-image":"","background-repeat":"repeat","background-position":"center center","background-size":"auto","background-attachment":"scroll","background-type":"","background-media":"","overlay-type":"","overlay-color":"","overlay-opacity":"","overlay-gradient":""},"mobile":{"background-color":"","background-image":"","background-repeat":"repeat","background-position":"center center","background-size":"auto","background-attachment":"scroll","background-type":"","background-media":"","overlay-type":"","overlay-color":"","overlay-opacity":"","overlay-gradient":""}},"ast-content-background-meta":{"desktop":{"background-color":"var(--ast-global-color-4)","background-image":"","background-repeat":"repeat","background-position":"center center","background-size":"auto","background-attachment":"scroll","background-type":"","background-media":"","overlay-type":"","overlay-color":"","overlay-opacity":"","overlay-gradient":""},"tablet":{"background-color":"var(--ast-global-color-4)","background-image":"","background-repeat":"repeat","background-position":"center center","background-size":"auto","background-attachment":"scroll","background-type":"","background-media":"","overlay-type":"","overlay-color":"","overlay-opacity":"","overlay-gradient":""},"mobile":{"background-color":"var(--ast-global-color-4)","background-image":"","background-repeat":"repeat","background-position":"center center","background-size":"auto","background-attachment":"scroll","background-type":"","background-media":"","overlay-type":"","overlay-color":"","overlay-opacity":"","overlay-gradient":""}},"footnotes":""},"class_list":["post-1176","page","type-page","status-publish","hentry"],"yoast_head":"<!-- This site is optimized with the Yoast SEO plugin v27.0 - https:\/\/yoast.com\/product\/yoast-seo-wordpress\/ -->\n<title>D\u00e9an teagmh\u00e1il linn - Residential Institutions Redress Board<\/title>\n<meta name=\"robots\" content=\"index, follow, max-snippet:-1, max-image-preview:large, max-video-preview:-1\" \/>\n<link rel=\"canonical\" href=\"https:\/\/www.rirb.ie\/ga\/dean-teagmhail-linn\/\" \/>\n<meta property=\"og:locale\" content=\"ga_IE\" \/>\n<meta property=\"og:type\" content=\"article\" \/>\n<meta property=\"og:title\" content=\"D\u00e9an teagmh\u00e1il linn - Residential Institutions Redress Board\" \/>\n<meta property=\"og:description\" content=\"D\u00e9an teagmh\u00e1il linn F\u00e9adfaidh t\u00fa leas a bhaint as ceann ar bith d\u00edobh seo a leanas chun dul i dteagmh\u00e1il [&hellip;]\" \/>\n<meta property=\"og:url\" content=\"https:\/\/www.rirb.ie\/ga\/dean-teagmhail-linn\/\" \/>\n<meta property=\"og:site_name\" content=\"Residential Institutions Redress Board\" \/>\n<meta property=\"article:modified_time\" content=\"2025-06-23T13:23:49+00:00\" \/>\n<meta name=\"twitter:card\" content=\"summary_large_image\" \/>\n<meta name=\"twitter:label1\" content=\"Est. reading time\" \/>\n\t<meta name=\"twitter:data1\" content=\"1 minute\" \/>\n<script type=\"application\/ld+json\" class=\"yoast-schema-graph\">{\"@context\":\"https:\/\/schema.org\",\"@graph\":[{\"@type\":\"WebPage\",\"@id\":\"https:\/\/www.rirb.ie\/ga\/dean-teagmhail-linn\/\",\"url\":\"https:\/\/www.rirb.ie\/ga\/dean-teagmhail-linn\/\",\"name\":\"D\u00e9an teagmh\u00e1il linn - Residential Institutions Redress Board\",\"isPartOf\":{\"@id\":\"https:\/\/www.rirb.ie\/#website\"},\"datePublished\":\"2025-04-23T15:17:11+00:00\",\"dateModified\":\"2025-06-23T13:23:49+00:00\",\"breadcrumb\":{\"@id\":\"https:\/\/www.rirb.ie\/ga\/dean-teagmhail-linn\/#breadcrumb\"},\"inLanguage\":\"ga-IE\",\"potentialAction\":[{\"@type\":\"ReadAction\",\"target\":[\"https:\/\/www.rirb.ie\/ga\/dean-teagmhail-linn\/\"]}]},{\"@type\":\"BreadcrumbList\",\"@id\":\"https:\/\/www.rirb.ie\/ga\/dean-teagmhail-linn\/#breadcrumb\",\"itemListElement\":[{\"@type\":\"ListItem\",\"position\":1,\"name\":\"Home\",\"item\":\"https:\/\/www.rirb.ie\/ga\/\"},{\"@type\":\"ListItem\",\"position\":2,\"name\":\"D\u00e9an teagmh\u00e1il linn\"}]},{\"@type\":\"WebSite\",\"@id\":\"https:\/\/www.rirb.ie\/#website\",\"url\":\"https:\/\/www.rirb.ie\/\",\"name\":\"Residential Institutions Redress Board\",\"description\":\"\",\"publisher\":{\"@id\":\"https:\/\/www.rirb.ie\/#organization\"},\"potentialAction\":[{\"@type\":\"SearchAction\",\"target\":{\"@type\":\"EntryPoint\",\"urlTemplate\":\"https:\/\/www.rirb.ie\/?s={search_term_string}\"},\"query-input\":{\"@type\":\"PropertyValueSpecification\",\"valueRequired\":true,\"valueName\":\"search_term_string\"}}],\"inLanguage\":\"ga-IE\"},{\"@type\":\"Organization\",\"@id\":\"https:\/\/www.rirb.ie\/#organization\",\"name\":\"Residential Institutions Redress Board\",\"url\":\"https:\/\/www.rirb.ie\/\",\"logo\":{\"@type\":\"ImageObject\",\"inLanguage\":\"ga-IE\",\"@id\":\"https:\/\/www.rirb.ie\/#\/schema\/logo\/image\/\",\"url\":\"https:\/\/www.rirb.ie\/wp-content\/uploads\/2025\/04\/RIRB-logo.png\",\"contentUrl\":\"https:\/\/www.rirb.ie\/wp-content\/uploads\/2025\/04\/RIRB-logo.png\",\"width\":352,\"height\":97,\"caption\":\"Residential Institutions Redress Board\"},\"image\":{\"@id\":\"https:\/\/www.rirb.ie\/#\/schema\/logo\/image\/\"}}]}<\/script>\n<!-- \/ Yoast SEO plugin. -->","yoast_head_json":{"title":"D\u00e9an teagmh\u00e1il linn - Residential Institutions Redress Board","robots":{"index":"index","follow":"follow","max-snippet":"max-snippet:-1","max-image-preview":"max-image-preview:large","max-video-preview":"max-video-preview:-1"},"canonical":"https:\/\/www.rirb.ie\/ga\/dean-teagmhail-linn\/","og_locale":"ga_IE","og_type":"article","og_title":"D\u00e9an teagmh\u00e1il linn - Residential Institutions Redress Board","og_description":"D\u00e9an teagmh\u00e1il linn F\u00e9adfaidh t\u00fa leas a bhaint as ceann ar bith d\u00edobh seo a leanas chun dul i dteagmh\u00e1il [&hellip;]","og_url":"https:\/\/www.rirb.ie\/ga\/dean-teagmhail-linn\/","og_site_name":"Residential Institutions Redress Board","article_modified_time":"2025-06-23T13:23:49+00:00","twitter_card":"summary_large_image","twitter_misc":{"Est. reading time":"1 minute"},"schema":{"@context":"https:\/\/schema.org","@graph":[{"@type":"WebPage","@id":"https:\/\/www.rirb.ie\/ga\/dean-teagmhail-linn\/","url":"https:\/\/www.rirb.ie\/ga\/dean-teagmhail-linn\/","name":"D\u00e9an teagmh\u00e1il linn - Residential Institutions Redress Board","isPartOf":{"@id":"https:\/\/www.rirb.ie\/#website"},"datePublished":"2025-04-23T15:17:11+00:00","dateModified":"2025-06-23T13:23:49+00:00","breadcrumb":{"@id":"https:\/\/www.rirb.ie\/ga\/dean-teagmhail-linn\/#breadcrumb"},"inLanguage":"ga-IE","potentialAction":[{"@type":"ReadAction","target":["https:\/\/www.rirb.ie\/ga\/dean-teagmhail-linn\/"]}]},{"@type":"BreadcrumbList","@id":"https:\/\/www.rirb.ie\/ga\/dean-teagmhail-linn\/#breadcrumb","itemListElement":[{"@type":"ListItem","position":1,"name":"Home","item":"https:\/\/www.rirb.ie\/ga\/"},{"@type":"ListItem","position":2,"name":"D\u00e9an teagmh\u00e1il linn"}]},{"@type":"WebSite","@id":"https:\/\/www.rirb.ie\/#website","url":"https:\/\/www.rirb.ie\/","name":"Residential Institutions Redress Board","description":"","publisher":{"@id":"https:\/\/www.rirb.ie\/#organization"},"potentialAction":[{"@type":"SearchAction","target":{"@type":"EntryPoint","urlTemplate":"https:\/\/www.rirb.ie\/?s={search_term_string}"},"query-input":{"@type":"PropertyValueSpecification","valueRequired":true,"valueName":"search_term_string"}}],"inLanguage":"ga-IE"},{"@type":"Organization","@id":"https:\/\/www.rirb.ie\/#organization","name":"Residential Institutions Redress Board","url":"https:\/\/www.rirb.ie\/","logo":{"@type":"ImageObject","inLanguage":"ga-IE","@id":"https:\/\/www.rirb.ie\/#\/schema\/logo\/image\/","url":"https:\/\/www.rirb.ie\/wp-content\/uploads\/2025\/04\/RIRB-logo.png","contentUrl":"https:\/\/www.rirb.ie\/wp-content\/uploads\/2025\/04\/RIRB-logo.png","width":352,"height":97,"caption":"Residential Institutions Redress Board"},"image":{"@id":"https:\/\/www.rirb.ie\/#\/schema\/logo\/image\/"}}]}},"_links":{"self":[{"href":"https:\/\/www.rirb.ie\/ga\/wp-json\/wp\/v2\/pages\/1176","targetHints":{"allow":["GET"]}}],"collection":[{"href":"https:\/\/www.rirb.ie\/ga\/wp-json\/wp\/v2\/pages"}],"about":[{"href":"https:\/\/www.rirb.ie\/ga\/wp-json\/wp\/v2\/types\/page"}],"author":[{"embeddable":true,"href":"https:\/\/www.rirb.ie\/ga\/wp-json\/wp\/v2\/users\/1"}],"replies":[{"embeddable":true,"href":"https:\/\/www.rirb.ie\/ga\/wp-json\/wp\/v2\/comments?post=1176"}],"version-history":[{"count":10,"href":"https:\/\/www.rirb.ie\/ga\/wp-json\/wp\/v2\/pages\/1176\/revisions"}],"predecessor-version":[{"id":1423,"href":"https:\/\/www.rirb.ie\/ga\/wp-json\/wp\/v2\/pages\/1176\/revisions\/1423"}],"wp:attachment":[{"href":"https:\/\/www.rirb.ie\/ga\/wp-json\/wp\/v2\/media?parent=1176"}],"curies":[{"name":"wp","href":"https:\/\/api.w.org\/{rel}","templated":true}]}}