{"id":1156,"date":"2025-04-23T14:39:44","date_gmt":"2025-04-23T14:39:44","guid":{"rendered":"https:\/\/www.rirb.ie\/baile\/"},"modified":"2025-06-25T12:07:19","modified_gmt":"2025-06-25T12:07:19","slug":"home","status":"publish","type":"page","link":"https:\/\/www.rirb.ie\/ga\/","title":{"rendered":"Baile"},"content":{"rendered":"\t\t<div data-elementor-type=\"wp-page\" data-elementor-id=\"1156\" class=\"elementor elementor-1156 elementor-7\" data-elementor-post-type=\"page\">\n\t\t\t\t\t\t<section class=\"elementor-section elementor-top-section elementor-element elementor-element-b436b40 elementor-section-boxed elementor-section-height-default elementor-section-height-default\" data-id=\"b436b40\" data-element_type=\"section\" data-e-type=\"section\">\n\t\t\t\t\t\t<div class=\"elementor-container elementor-column-gap-default\">\n\t\t\t\t\t<div class=\"elementor-column elementor-col-100 elementor-top-column elementor-element elementor-element-8c57965\" data-id=\"8c57965\" data-element_type=\"column\" data-e-type=\"column\">\n\t\t\t<div class=\"elementor-widget-wrap elementor-element-populated\">\n\t\t\t\t\t\t<div class=\"elementor-element elementor-element-a5fad21 elementor-widget elementor-widget-heading\" data-id=\"a5fad21\" data-element_type=\"widget\" data-e-type=\"widget\" data-widget_type=\"heading.default\">\n\t\t\t\t<div class=\"elementor-widget-container\">\n\t\t\t\t\t<h1 class=\"elementor-heading-title elementor-size-default\">F\u00e1ilte\/Welcome<\/h1>\t\t\t\t<\/div>\n\t\t\t\t<\/div>\n\t\t\t\t<div class=\"elementor-element elementor-element-4aa6ae7 elementor-widget elementor-widget-text-editor\" data-id=\"4aa6ae7\" data-element_type=\"widget\" data-e-type=\"widget\" data-widget_type=\"text-editor.default\">\n\t\t\t\t<div class=\"elementor-widget-container\">\n\t\t\t\t\t\t\t\t\t<p><span style=\"font-weight: 400;\">C\u00e9 go bhfuil an Bord um Sh\u00e1samh ar oscailt i gc\u00f3na\u00ed, is mian leis an mBord a shoil\u00e9iri\u00fa <\/span><b>nach bhfuil baint aige<\/b><span style=\"font-weight: 400;\"> leis an Sc\u00e9im \u00cdoca\u00edochta\u00ed i leith \u00c1rais M\u00e1ithreacha agus Na\u00edon\u00e1n arna bun\u00fa anois ag an Roinn Leana\u00ed, Comhionannais, M\u00edchumais, L\u00e1nph\u00e1irt\u00edochta agus \u00d3ige agus a d\u2019oscail d\u2019iarratais <\/span><span style=\"font-weight: 400;\">ar<\/span><span style=\"font-weight: 400;\"> an 26 Feabhra 2024.<\/span><\/p>\n<p><span style=\"font-weight: 400;\">Ba cheart gach fiosr\u00fa maidir leis an sc\u00e9im sin a chur chuig Oifig Sc\u00e9im na n\u00cdocaiochta\u00ed, lena mbaineann na sonra\u00ed teagmh\u00e1la seo a leanas:<\/span><\/p>\n<ul>\n<li><span style=\"font-weight: 400;\">F\u00f3n<\/span>: <a href=\"tel:+35315229992\">+353 1 522 9992<\/a>, <span style=\"font-weight: 400;\">Luan go hAoine<\/span> 09:00-18:00 GMT.<\/li>\n<li><span style=\"font-weight: 400;\">R\u00edomhphost<\/span>: <a href=\"mailto:info@paymentscheme.ie\">info@paymentscheme.ie<\/a><\/li>\n<li><span style=\"font-weight: 400;\">Sa Phost<\/span>: PO Box 13668, <span style=\"font-weight: 400;\">Port L\u00e1irge, \u00c9ire<\/span><\/li>\n<\/ul>\n<p><span style=\"font-weight: 400;\">Buna\u00edodh an Bord um Sh\u00e1samh faoin Acht um Sh\u00e1samh i leith Foras C\u00f3naithe<\/span><span style=\"font-weight: 400;\">, <\/span><span style=\"font-weight: 400;\">2002 chun d\u00e1mhachtain\u00ed c\u00f3ra agus cothroma a dh\u00e9anamh le daoine ar tugadh droch\u00fas\u00e1id d\u00f3ibh, mar leana\u00ed, le linn d\u00f3ibh bheith ina gc\u00f3na\u00ed i scoileanna saothair, i scoileanna ceart\u00fach\u00e1in agus i bhforais eile a bh\u00ed faoi r\u00e9ir rial\u00fa st\u00e1it n\u00f3 cigireacht st\u00e1it.<\/span><\/p>\n<p><span style=\"font-weight: 400;\">T\u00e1 an Bord, at\u00e1 neamhsple\u00e1ch ar fad, faoi chathaoirleacht an Bhreithimh On\u00f3raigh<\/span> <span style=\"font-weight: 400;\">Esmond Smyth.<\/span><\/p>\n<p><span style=\"font-weight: 400;\">Is fi\u00fa a lua nach bhfuil de chumhacht ag an mBord um Sh\u00e1samh i leith Foras C\u00f3naithe glacadh le hiarratais nua ar na c\u00faiseanna seo a leanas:<\/span><\/p>\n<p><i><span style=\"font-weight: 400;\">I gcomhr\u00e9ir le <\/span><span style=\"font-weight: 400;\">for\u00e1lacha Alt 8(1) den Acht um <\/span><span style=\"font-weight: 400;\">Sh\u00e1samh i leith Foras C\u00f3naithe, 2002, <\/span><b>ba \u00e9 an 15 Nollaig 2005 an spriocdh\u00e1ta chun na hiarratais uile a fh\u00e1il.<\/b><\/i><\/p>\n<p><i><span style=\"font-weight: 400;\">I gcomhr\u00e9ir le for\u00e1lacha an Achta um Sh\u00e1samh i leith Foras Conaithe (Leas\u00fa), 2011, <\/span><b>chuaigh cumhacht an Bhoird glacadh le hiarratais dh\u00e9anacha faoi Ailt 8(2) agus 8(3) den Acht um Sh\u00e1samh 2002, in \u00e9ag ag me\u00e1no\u00edche an 16 Me\u00e1n F\u00f3mhair 2011.<\/b><\/i><\/p>\n<p><span style=\"font-weight: 400;\">Tugtar l\u00e9argas ginear\u00e1lta ar an su\u00edomh Gr\u00e9as\u00e1in <\/span><span style=\"font-weight: 400;\">seo ar an mbealach inar phl\u00e9igh an Bord le hiarratais ar sh\u00e1samh. Breithn\u00edodh na hiarratais uile i gcomhr\u00e9ir le for\u00e1lacha an Achta um Sh\u00e1samh i leith Foras C\u00f3naithe, 2002 agus leis na Rialach\u00e1in a rinneadh faoin Acht. Le haghaidh tuilleadh eolais, \u00edosl\u00f3d\u00e1il le do thoil <\/span><a href=\"https:\/\/www.rirb.ie\/application.asp\">A Guide to the Residential Institutions Redress Act, 2002.<\/a><\/p>\n<p><b>Mar gheall ar Alt 8(4) den Acht um Sh\u00e1samh i leith Foras C\u00f3naithe, 2002, arna leas\u00fa, n\u00ed raibh ar chumas an Bhoird um Sh\u00e1samh glacadh le haon iarratais a rinneadh ar an 17 Me\u00e1n F\u00f3mhair 2011 n\u00f3 ina dhiaidh sin.<\/b><\/p>\n<p><span style=\"font-weight: 400;\">Is mian leis an mBord um Sh\u00e1samh a shoil\u00e9iri\u00fa nach bhfuil baint aige leis an sc\u00e9im Ex-gratia &#8211; Cur chun feidhme an Bhreithi\u00fanais \u00f3n gC\u00fairt Eorpach um Chearta an Duine in O\u2019Keefe -v- \u00c9ire, [Ex-gratia <\/span><span style=\"font-weight: 400;\">scheme <\/span><span style=\"font-weight: 400;\">&#8211; <\/span><span style=\"font-weight: 400;\">Implementation of the ECtHR Judgement in O&#8217;Keeffe <\/span><span style=\"font-weight: 400;\">-v- <\/span><span style=\"font-weight: 400;\">Ireland], a bhaineann le droch\u00fas\u00e1id ghn\u00e9asach leana\u00ed i scoileanna lae i nd\u00e1la\u00ed \u00e1irithe.<\/span><\/p>\n<p><span style=\"font-weight: 400;\">Ba cheart gach fiosr\u00fa faoin sc\u00e9im sin a sheoladh chucu seo a leanas:<\/span>&#8211;<\/p>\n<p><span style=\"font-weight: 400;\">An Roinn Oideachais<\/span>,<br><span style=\"font-weight: 400;\">F\u00f3n<\/span> \u2013 <a href=\"tel:(090) 6483625\">(090) 6483625<\/a><br><span style=\"font-weight: 400;\">R\u00edomhphost<\/span> &#8211; <a href=\"mailto:exgratia_queries@education.gov.ie\">exgratia_queries@education.gov.ie<\/a><\/p>\t\t\t\t\t\t\t\t<\/div>\n\t\t\t\t<\/div>\n\t\t\t\t\t<\/div>\n\t\t<\/div>\n\t\t\t\t\t<\/div>\n\t\t<\/section>\n\t\t\t\t<\/div>\n\t\t","protected":false},"excerpt":{"rendered":"<p>F\u00e1ilte\/Welcome C\u00e9 go bhfuil an Bord um Sh\u00e1samh ar oscailt i gc\u00f3na\u00ed, is mian leis an mBord a shoil\u00e9iri\u00fa nach [&hellip;]<\/p>\n","protected":false},"author":1,"featured_media":0,"parent":0,"menu_order":0,"comment_status":"closed","ping_status":"closed","template":"","meta":{"site-sidebar-layout":"no-sidebar","site-content-layout":"","ast-site-content-layout":"full-width-container","site-content-style":"default","site-sidebar-style":"default","ast-global-header-display":"","ast-banner-title-visibility":"","ast-main-header-display":"","ast-hfb-above-header-display":"","ast-hfb-below-header-display":"","ast-hfb-mobile-header-display":"","site-post-title":"disabled","ast-breadcrumbs-content":"","ast-featured-img":"disabled","footer-sml-layout":"","ast-disable-related-posts":"","theme-transparent-header-meta":"default","adv-header-id-meta":"","stick-header-meta":"","header-above-stick-meta":"","header-main-stick-meta":"","header-below-stick-meta":"","astra-migrate-meta-layouts":"set","ast-page-background-enabled":"default","ast-page-background-meta":{"desktop":{"background-color":"var(--ast-global-color-5)","background-image":"","background-repeat":"repeat","background-position":"center center","background-size":"auto","background-attachment":"scroll","background-type":"","background-media":"","overlay-type":"","overlay-color":"","overlay-opacity":"","overlay-gradient":""},"tablet":{"background-color":"","background-image":"","background-repeat":"repeat","background-position":"center center","background-size":"auto","background-attachment":"scroll","background-type":"","background-media":"","overlay-type":"","overlay-color":"","overlay-opacity":"","overlay-gradient":""},"mobile":{"background-color":"","background-image":"","background-repeat":"repeat","background-position":"center center","background-size":"auto","background-attachment":"scroll","background-type":"","background-media":"","overlay-type":"","overlay-color":"","overlay-opacity":"","overlay-gradient":""}},"ast-content-background-meta":{"desktop":{"background-color":"var(--ast-global-color-4)","background-image":"","background-repeat":"repeat","background-position":"center center","background-size":"auto","background-attachment":"scroll","background-type":"","background-media":"","overlay-type":"","overlay-color":"","overlay-opacity":"","overlay-gradient":""},"tablet":{"background-color":"var(--ast-global-color-4)","background-image":"","background-repeat":"repeat","background-position":"center center","background-size":"auto","background-attachment":"scroll","background-type":"","background-media":"","overlay-type":"","overlay-color":"","overlay-opacity":"","overlay-gradient":""},"mobile":{"background-color":"var(--ast-global-color-4)","background-image":"","background-repeat":"repeat","background-position":"center center","background-size":"auto","background-attachment":"scroll","background-type":"","background-media":"","overlay-type":"","overlay-color":"","overlay-opacity":"","overlay-gradient":""}},"footnotes":""},"class_list":["post-1156","page","type-page","status-publish","hentry"],"yoast_head":"<!-- This site is optimized with the Yoast SEO plugin v27.0 - https:\/\/yoast.com\/product\/yoast-seo-wordpress\/ -->\n<title>Baile - Residential Institutions Redress Board<\/title>\n<meta name=\"robots\" content=\"index, follow, max-snippet:-1, max-image-preview:large, max-video-preview:-1\" \/>\n<link rel=\"canonical\" href=\"https:\/\/www.rirb.ie\/ga\/\" \/>\n<meta property=\"og:locale\" content=\"ga_IE\" \/>\n<meta property=\"og:type\" content=\"article\" \/>\n<meta property=\"og:title\" content=\"Baile - Residential Institutions Redress Board\" \/>\n<meta property=\"og:description\" content=\"F\u00e1ilte\/Welcome C\u00e9 go bhfuil an Bord um Sh\u00e1samh ar oscailt i gc\u00f3na\u00ed, is mian leis an mBord a shoil\u00e9iri\u00fa nach [&hellip;]\" \/>\n<meta property=\"og:url\" content=\"https:\/\/www.rirb.ie\/ga\/\" \/>\n<meta property=\"og:site_name\" content=\"Residential Institutions Redress Board\" \/>\n<meta property=\"article:modified_time\" content=\"2025-06-25T12:07:19+00:00\" \/>\n<meta name=\"twitter:card\" content=\"summary_large_image\" \/>\n<meta name=\"twitter:label1\" content=\"Est. reading time\" \/>\n\t<meta name=\"twitter:data1\" content=\"3 minutes\" \/>\n<script type=\"application\/ld+json\" class=\"yoast-schema-graph\">{\"@context\":\"https:\/\/schema.org\",\"@graph\":[{\"@type\":\"WebPage\",\"@id\":\"https:\/\/www.rirb.ie\/ga\/\",\"url\":\"https:\/\/www.rirb.ie\/ga\/\",\"name\":\"Baile - Residential Institutions Redress Board\",\"isPartOf\":{\"@id\":\"https:\/\/www.rirb.ie\/#website\"},\"datePublished\":\"2025-04-23T14:39:44+00:00\",\"dateModified\":\"2025-06-25T12:07:19+00:00\",\"breadcrumb\":{\"@id\":\"https:\/\/www.rirb.ie\/ga\/#breadcrumb\"},\"inLanguage\":\"ga-IE\",\"potentialAction\":[{\"@type\":\"ReadAction\",\"target\":[\"https:\/\/www.rirb.ie\/ga\/\"]}]},{\"@type\":\"BreadcrumbList\",\"@id\":\"https:\/\/www.rirb.ie\/ga\/#breadcrumb\",\"itemListElement\":[{\"@type\":\"ListItem\",\"position\":1,\"name\":\"Home\",\"item\":\"https:\/\/www.rirb.ie\/ga\/\"},{\"@type\":\"ListItem\",\"position\":2,\"name\":\"Baile\"}]},{\"@type\":\"WebSite\",\"@id\":\"https:\/\/www.rirb.ie\/#website\",\"url\":\"https:\/\/www.rirb.ie\/\",\"name\":\"Residential Institutions Redress Board\",\"description\":\"\",\"publisher\":{\"@id\":\"https:\/\/www.rirb.ie\/#organization\"},\"potentialAction\":[{\"@type\":\"SearchAction\",\"target\":{\"@type\":\"EntryPoint\",\"urlTemplate\":\"https:\/\/www.rirb.ie\/?s={search_term_string}\"},\"query-input\":{\"@type\":\"PropertyValueSpecification\",\"valueRequired\":true,\"valueName\":\"search_term_string\"}}],\"inLanguage\":\"ga-IE\"},{\"@type\":\"Organization\",\"@id\":\"https:\/\/www.rirb.ie\/#organization\",\"name\":\"Residential Institutions Redress Board\",\"url\":\"https:\/\/www.rirb.ie\/\",\"logo\":{\"@type\":\"ImageObject\",\"inLanguage\":\"ga-IE\",\"@id\":\"https:\/\/www.rirb.ie\/#\/schema\/logo\/image\/\",\"url\":\"https:\/\/www.rirb.ie\/wp-content\/uploads\/2025\/04\/RIRB-logo.png\",\"contentUrl\":\"https:\/\/www.rirb.ie\/wp-content\/uploads\/2025\/04\/RIRB-logo.png\",\"width\":352,\"height\":97,\"caption\":\"Residential Institutions Redress Board\"},\"image\":{\"@id\":\"https:\/\/www.rirb.ie\/#\/schema\/logo\/image\/\"}}]}<\/script>\n<!-- \/ Yoast SEO plugin. -->","yoast_head_json":{"title":"Baile - Residential Institutions Redress Board","robots":{"index":"index","follow":"follow","max-snippet":"max-snippet:-1","max-image-preview":"max-image-preview:large","max-video-preview":"max-video-preview:-1"},"canonical":"https:\/\/www.rirb.ie\/ga\/","og_locale":"ga_IE","og_type":"article","og_title":"Baile - Residential Institutions Redress Board","og_description":"F\u00e1ilte\/Welcome C\u00e9 go bhfuil an Bord um Sh\u00e1samh ar oscailt i gc\u00f3na\u00ed, is mian leis an mBord a shoil\u00e9iri\u00fa nach [&hellip;]","og_url":"https:\/\/www.rirb.ie\/ga\/","og_site_name":"Residential Institutions Redress Board","article_modified_time":"2025-06-25T12:07:19+00:00","twitter_card":"summary_large_image","twitter_misc":{"Est. reading time":"3 minutes"},"schema":{"@context":"https:\/\/schema.org","@graph":[{"@type":"WebPage","@id":"https:\/\/www.rirb.ie\/ga\/","url":"https:\/\/www.rirb.ie\/ga\/","name":"Baile - Residential Institutions Redress Board","isPartOf":{"@id":"https:\/\/www.rirb.ie\/#website"},"datePublished":"2025-04-23T14:39:44+00:00","dateModified":"2025-06-25T12:07:19+00:00","breadcrumb":{"@id":"https:\/\/www.rirb.ie\/ga\/#breadcrumb"},"inLanguage":"ga-IE","potentialAction":[{"@type":"ReadAction","target":["https:\/\/www.rirb.ie\/ga\/"]}]},{"@type":"BreadcrumbList","@id":"https:\/\/www.rirb.ie\/ga\/#breadcrumb","itemListElement":[{"@type":"ListItem","position":1,"name":"Home","item":"https:\/\/www.rirb.ie\/ga\/"},{"@type":"ListItem","position":2,"name":"Baile"}]},{"@type":"WebSite","@id":"https:\/\/www.rirb.ie\/#website","url":"https:\/\/www.rirb.ie\/","name":"Residential Institutions Redress Board","description":"","publisher":{"@id":"https:\/\/www.rirb.ie\/#organization"},"potentialAction":[{"@type":"SearchAction","target":{"@type":"EntryPoint","urlTemplate":"https:\/\/www.rirb.ie\/?s={search_term_string}"},"query-input":{"@type":"PropertyValueSpecification","valueRequired":true,"valueName":"search_term_string"}}],"inLanguage":"ga-IE"},{"@type":"Organization","@id":"https:\/\/www.rirb.ie\/#organization","name":"Residential Institutions Redress Board","url":"https:\/\/www.rirb.ie\/","logo":{"@type":"ImageObject","inLanguage":"ga-IE","@id":"https:\/\/www.rirb.ie\/#\/schema\/logo\/image\/","url":"https:\/\/www.rirb.ie\/wp-content\/uploads\/2025\/04\/RIRB-logo.png","contentUrl":"https:\/\/www.rirb.ie\/wp-content\/uploads\/2025\/04\/RIRB-logo.png","width":352,"height":97,"caption":"Residential Institutions Redress Board"},"image":{"@id":"https:\/\/www.rirb.ie\/#\/schema\/logo\/image\/"}}]}},"_links":{"self":[{"href":"https:\/\/www.rirb.ie\/ga\/wp-json\/wp\/v2\/pages\/1156","targetHints":{"allow":["GET"]}}],"collection":[{"href":"https:\/\/www.rirb.ie\/ga\/wp-json\/wp\/v2\/pages"}],"about":[{"href":"https:\/\/www.rirb.ie\/ga\/wp-json\/wp\/v2\/types\/page"}],"author":[{"embeddable":true,"href":"https:\/\/www.rirb.ie\/ga\/wp-json\/wp\/v2\/users\/1"}],"replies":[{"embeddable":true,"href":"https:\/\/www.rirb.ie\/ga\/wp-json\/wp\/v2\/comments?post=1156"}],"version-history":[{"count":10,"href":"https:\/\/www.rirb.ie\/ga\/wp-json\/wp\/v2\/pages\/1156\/revisions"}],"predecessor-version":[{"id":1436,"href":"https:\/\/www.rirb.ie\/ga\/wp-json\/wp\/v2\/pages\/1156\/revisions\/1436"}],"wp:attachment":[{"href":"https:\/\/www.rirb.ie\/ga\/wp-json\/wp\/v2\/media?parent=1156"}],"curies":[{"name":"wp","href":"https:\/\/api.w.org\/{rel}","templated":true}]}}